{"id":13,"date":"2026-04-14T23:09:15","date_gmt":"2026-04-14T23:09:15","guid":{"rendered":"https:\/\/dijital.basaksmu.com\/cart\/"},"modified":"2026-04-19T11:36:57","modified_gmt":"2026-04-19T11:36:57","slug":"cart","status":"publish","type":"page","link":"https:\/\/dijital.basaksmu.com\/en\/cart\/","title":{"rendered":"Sepet"},"content":{"rendered":"<div data-block-name=\"woocommerce\/cart\" class=\"wp-block-woocommerce-cart alignwide is-loading\">\n<div data-block-name=\"woocommerce\/filled-cart-block\" class=\"wp-block-woocommerce-filled-cart-block\">\n<div data-block-name=\"woocommerce\/cart-items-block\" class=\"wp-block-woocommerce-cart-items-block\">\n<div data-block-name=\"woocommerce\/cart-line-items-block\" class=\"wp-block-woocommerce-cart-line-items-block\"><\/div>\n\n\n<\/div>\n\n\n\n<div data-block-name=\"woocommerce\/cart-totals-block\" class=\"wp-block-woocommerce-cart-totals-block\">\n<div data-block-name=\"woocommerce\/cart-order-summary-block\" class=\"wp-block-woocommerce-cart-order-summary-block\">\n<div data-block-name=\"woocommerce\/cart-order-summary-heading-block\" data-content=\"Sepet toplamlar\u0131\" class=\"wp-block-woocommerce-cart-order-summary-heading-block\"><\/div>\n\n\n\n<div data-block-name=\"woocommerce\/cart-order-summary-coupon-form-block\" class=\"wp-block-woocommerce-cart-order-summary-coupon-form-block\"><\/div>\n\n\n\n<div data-block-name=\"woocommerce\/cart-order-summary-totals-block\" class=\"wp-block-woocommerce-cart-order-summary-totals-block\">\n<div data-block-name=\"woocommerce\/cart-order-summary-subtotal-block\" class=\"wp-block-woocommerce-cart-order-summary-subtotal-block\"><\/div>\n\n\n\n<div data-block-name=\"woocommerce\/cart-order-summary-fee-block\" class=\"wp-block-woocommerce-cart-order-summary-fee-block\"><\/div>\n\n\n\n<div data-block-name=\"woocommerce\/cart-order-summary-discount-block\" class=\"wp-block-woocommerce-cart-order-summary-discount-block\"><\/div>\n\n\n\n<div data-block-name=\"woocommerce\/cart-order-summary-shipping-block\" class=\"wp-block-woocommerce-cart-order-summary-shipping-block\"><\/div>\n\n\n\n<div data-block-name=\"woocommerce\/cart-order-summary-taxes-block\" class=\"wp-block-woocommerce-cart-order-summary-taxes-block\"><\/div>\n<\/div>\n<\/div>\n\n\n\n<div data-block-name=\"woocommerce\/cart-express-payment-block\" class=\"wp-block-woocommerce-cart-express-payment-block\"><\/div>\n\n\n\n<div data-block-name=\"woocommerce\/proceed-to-checkout-block\" class=\"wp-block-woocommerce-proceed-to-checkout-block\"><\/div>\n\n\n\n<div data-block-name=\"woocommerce\/cart-accepted-payment-methods-block\" class=\"wp-block-woocommerce-cart-accepted-payment-methods-block\"><\/div>\n<\/div>\n<\/div>\n\n\n\n<div data-block-name=\"woocommerce\/empty-cart-block\" class=\"wp-block-woocommerce-empty-cart-block\">\n<h2 class=\"wp-block-heading has-text-align-center with-empty-cart-icon wc-block-cart__empty-cart__title\">Your cart is currently empty!<\/h2>\n\n\n\n<hr class=\"wp-block-separator has-alpha-channel-opacity is-style-dots\"\/>\n\n\n\n<h2 class=\"wp-block-heading has-text-align-center\">New in store<\/h2>\n\n\n<div data-block-name=\"woocommerce\/product-new\" data-columns=\"4\" data-rows=\"1\" class=\"wc-block-grid wp-block-product-new wp-block-woocommerce-product-new wc-block-product-new has-4-columns\"><ul class=\"wc-block-grid__products\"><li class=\"wc-block-grid__product\">\n\t\t\t\t<a href=\"https:\/\/dijital.basaksmu.com\/en\/product\/campout-winter-comfort-uyku-tulumu\/\" class=\"wc-block-grid__product-link\">\n\t\t\t\t\t\n\t\t\t\t\t<div class=\"wc-block-grid__product-image\"><img fetchpriority=\"high\" decoding=\"async\" width=\"450\" height=\"675\" src=\"https:\/\/dijital.basaksmu.com\/wp-content\/uploads\/2026\/04\/1_org_zoom-1-450x675.webp\" class=\"attachment-woocommerce_thumbnail size-woocommerce_thumbnail\" alt=\"CAMPOUT WINTER COMFORT UYKU TULUMU\" srcset=\"https:\/\/dijital.basaksmu.com\/wp-content\/uploads\/2026\/04\/1_org_zoom-1-450x675.webp 450w, https:\/\/dijital.basaksmu.com\/wp-content\/uploads\/2026\/04\/1_org_zoom-1-200x300.webp 200w, https:\/\/dijital.basaksmu.com\/wp-content\/uploads\/2026\/04\/1_org_zoom-1-8x12.webp 8w, https:\/\/dijital.basaksmu.com\/wp-content\/uploads\/2026\/04\/1_org_zoom-1.webp 621w\" sizes=\"(max-width: 450px) 100vw, 450px\" \/><\/div>\n\t\t\t\t\t<div class=\"wc-block-grid__product-title\">CAMPOUT WINTER COMFORT UYKU TULUMU<\/div>\n\t\t\t\t<\/a>\n\t\t\t\t<div class=\"wc-block-grid__product-price price\"><span class=\"woocommerce-Price-amount amount\">8.000,00<span class=\"woocommerce-Price-currencySymbol\">&#8378;<\/span><\/span><\/div>\n\t\t\t\t\n\t\t\t\t<div class=\"wp-block-button wc-block-grid__product-add-to-cart\"><a href=\"\/en\/wp-json\/wp\/v2\/pages\/13?add-to-cart=9181\" aria-label=\"Add to cart: \u201cCAMPOUT WINTER COMFORT UYKU TULUMU\u201d\" data-quantity=\"1\" data-product_id=\"9181\" data-product_sku=\"\" data-price=\"8000\" rel=\"nofollow\" class=\"wp-block-button__link  add_to_cart_button ajax_add_to_cart\" data-no-translation=\"\" data-trp-gettext=\"\" data-no-translation-aria-label=\"\">Add to cart<\/a><\/div>\n\t\t\t<\/li><li class=\"wc-block-grid__product\">\n\t\t\t\t<a href=\"https:\/\/dijital.basaksmu.com\/en\/product\/bestway-sisme-kamp-mati\/\" class=\"wc-block-grid__product-link\">\n\t\t\t\t\t\n\t\t\t\t\t<div class=\"wc-block-grid__product-image\"><img decoding=\"async\" width=\"450\" height=\"450\" src=\"https:\/\/dijital.basaksmu.com\/wp-content\/uploads\/2026\/04\/1-450x450.webp\" class=\"attachment-woocommerce_thumbnail size-woocommerce_thumbnail\" alt=\"Bestway \u015ei\u015fme Kamp Mat\u0131\" srcset=\"https:\/\/dijital.basaksmu.com\/wp-content\/uploads\/2026\/04\/1-450x450.webp 450w, https:\/\/dijital.basaksmu.com\/wp-content\/uploads\/2026\/04\/1-300x300.webp 300w, https:\/\/dijital.basaksmu.com\/wp-content\/uploads\/2026\/04\/1-150x150.webp 150w, https:\/\/dijital.basaksmu.com\/wp-content\/uploads\/2026\/04\/1-768x768.webp 768w, https:\/\/dijital.basaksmu.com\/wp-content\/uploads\/2026\/04\/1-12x12.webp 12w, https:\/\/dijital.basaksmu.com\/wp-content\/uploads\/2026\/04\/1-100x100.webp 100w, https:\/\/dijital.basaksmu.com\/wp-content\/uploads\/2026\/04\/1-50x50.webp 50w, https:\/\/dijital.basaksmu.com\/wp-content\/uploads\/2026\/04\/1-600x600.webp 600w, https:\/\/dijital.basaksmu.com\/wp-content\/uploads\/2026\/04\/1-96x96.webp 96w, https:\/\/dijital.basaksmu.com\/wp-content\/uploads\/2026\/04\/1-460x460.webp 460w, https:\/\/dijital.basaksmu.com\/wp-content\/uploads\/2026\/04\/1.webp 800w\" sizes=\"(max-width: 450px) 100vw, 450px\" \/><\/div>\n\t\t\t\t\t<div class=\"wc-block-grid__product-title\">Bestway \u015ei\u015fme Kamp Mat\u0131<\/div>\n\t\t\t\t<\/a>\n\t\t\t\t<div class=\"wc-block-grid__product-price price\"><span class=\"woocommerce-Price-amount amount\">899,00<span class=\"woocommerce-Price-currencySymbol\">&#8378;<\/span><\/span><\/div>\n\t\t\t\t\n\t\t\t\t<div class=\"wp-block-button wc-block-grid__product-add-to-cart\"><a href=\"\/en\/wp-json\/wp\/v2\/pages\/13?add-to-cart=9179\" aria-label=\"Add to cart: \u201cBestway \u015ei\u015fme Kamp Mat\u0131\u201d\" data-quantity=\"1\" data-product_id=\"9179\" data-product_sku=\"\" data-price=\"899\" rel=\"nofollow\" class=\"wp-block-button__link  add_to_cart_button ajax_add_to_cart\" data-no-translation=\"\" data-trp-gettext=\"\" data-no-translation-aria-label=\"\">Add to cart<\/a><\/div>\n\t\t\t<\/li><li class=\"wc-block-grid__product\">\n\t\t\t\t<a href=\"https:\/\/dijital.basaksmu.com\/en\/product\/apex-half-cut-monokristal-full-black-gunes-panelleri\/\" class=\"wc-block-grid__product-link\">\n\t\t\t\t\t\n\t\t\t\t\t<div class=\"wc-block-grid__product-image\"><img decoding=\"async\" width=\"450\" height=\"450\" src=\"https:\/\/dijital.basaksmu.com\/wp-content\/uploads\/2026\/04\/electrozirve-kapak-1.png-450x450.webp\" class=\"attachment-woocommerce_thumbnail size-woocommerce_thumbnail\" alt=\"Apex Half-Cut Monokristal Full Black G\u00fcne\u015f Panelleri\" srcset=\"https:\/\/dijital.basaksmu.com\/wp-content\/uploads\/2026\/04\/electrozirve-kapak-1.png-450x450.webp 450w, https:\/\/dijital.basaksmu.com\/wp-content\/uploads\/2026\/04\/electrozirve-kapak-1.png-300x300.webp 300w, https:\/\/dijital.basaksmu.com\/wp-content\/uploads\/2026\/04\/electrozirve-kapak-1.png-150x150.webp 150w, https:\/\/dijital.basaksmu.com\/wp-content\/uploads\/2026\/04\/electrozirve-kapak-1.png-768x768.webp 768w, https:\/\/dijital.basaksmu.com\/wp-content\/uploads\/2026\/04\/electrozirve-kapak-1.png-12x12.webp 12w, https:\/\/dijital.basaksmu.com\/wp-content\/uploads\/2026\/04\/electrozirve-kapak-1.png-800x800.webp 800w, https:\/\/dijital.basaksmu.com\/wp-content\/uploads\/2026\/04\/electrozirve-kapak-1.png-100x100.webp 100w, https:\/\/dijital.basaksmu.com\/wp-content\/uploads\/2026\/04\/electrozirve-kapak-1.png-50x50.webp 50w, https:\/\/dijital.basaksmu.com\/wp-content\/uploads\/2026\/04\/electrozirve-kapak-1.png-600x600.webp 600w, https:\/\/dijital.basaksmu.com\/wp-content\/uploads\/2026\/04\/electrozirve-kapak-1.png-96x96.webp 96w, https:\/\/dijital.basaksmu.com\/wp-content\/uploads\/2026\/04\/electrozirve-kapak-1.png-460x460.webp 460w, https:\/\/dijital.basaksmu.com\/wp-content\/uploads\/2026\/04\/electrozirve-kapak-1.png.webp 850w\" sizes=\"(max-width: 450px) 100vw, 450px\" \/><\/div>\n\t\t\t\t\t<div class=\"wc-block-grid__product-title\">Apex Half-Cut Monokristal Full Black G\u00fcne\u015f Panelleri<\/div>\n\t\t\t\t<\/a>\n\t\t\t\t<div class=\"wc-block-grid__product-price price\"><span class=\"woocommerce-Price-amount amount\">7.338,24<span class=\"woocommerce-Price-currencySymbol\">&#8378;<\/span><\/span><\/div>\n\t\t\t\t\n\t\t\t\t<div class=\"wp-block-button wc-block-grid__product-add-to-cart\"><a href=\"\/en\/wp-json\/wp\/v2\/pages\/13?add-to-cart=9175\" aria-label=\"Add to cart: \u201cApex Half-Cut Monokristal Full Black G\u00fcne\u015f Panelleri\u201d\" data-quantity=\"1\" data-product_id=\"9175\" data-product_sku=\"\" data-price=\"7338.24\" rel=\"nofollow\" class=\"wp-block-button__link  add_to_cart_button ajax_add_to_cart\" data-no-translation=\"\" data-trp-gettext=\"\" data-no-translation-aria-label=\"\">Add to cart<\/a><\/div>\n\t\t\t<\/li><li class=\"wc-block-grid__product\">\n\t\t\t\t<a href=\"https:\/\/dijital.basaksmu.com\/en\/product\/villa-gunes-enerjisi-gold-plus-paket\/\" class=\"wc-block-grid__product-link\">\n\t\t\t\t\t\n\t\t\t\t\t<div class=\"wc-block-grid__product-image\"><img loading=\"lazy\" decoding=\"async\" width=\"450\" height=\"450\" src=\"https:\/\/dijital.basaksmu.com\/wp-content\/uploads\/2026\/04\/villa-enerji-paketi-electrozirveenerji.jpg-450x450.webp\" class=\"attachment-woocommerce_thumbnail size-woocommerce_thumbnail\" alt=\"Villa G\u00fcne\u015f Enerjisi Gold Plus Paket\" srcset=\"https:\/\/dijital.basaksmu.com\/wp-content\/uploads\/2026\/04\/villa-enerji-paketi-electrozirveenerji.jpg-450x450.webp 450w, https:\/\/dijital.basaksmu.com\/wp-content\/uploads\/2026\/04\/villa-enerji-paketi-electrozirveenerji.jpg-300x300.webp 300w, https:\/\/dijital.basaksmu.com\/wp-content\/uploads\/2026\/04\/villa-enerji-paketi-electrozirveenerji.jpg-1024x1024.webp 1024w, https:\/\/dijital.basaksmu.com\/wp-content\/uploads\/2026\/04\/villa-enerji-paketi-electrozirveenerji.jpg-150x150.webp 150w, https:\/\/dijital.basaksmu.com\/wp-content\/uploads\/2026\/04\/villa-enerji-paketi-electrozirveenerji.jpg-768x768.webp 768w, https:\/\/dijital.basaksmu.com\/wp-content\/uploads\/2026\/04\/villa-enerji-paketi-electrozirveenerji.jpg-12x12.webp 12w, https:\/\/dijital.basaksmu.com\/wp-content\/uploads\/2026\/04\/villa-enerji-paketi-electrozirveenerji.jpg-800x800.webp 800w, https:\/\/dijital.basaksmu.com\/wp-content\/uploads\/2026\/04\/villa-enerji-paketi-electrozirveenerji.jpg-100x100.webp 100w, https:\/\/dijital.basaksmu.com\/wp-content\/uploads\/2026\/04\/villa-enerji-paketi-electrozirveenerji.jpg-50x50.webp 50w, https:\/\/dijital.basaksmu.com\/wp-content\/uploads\/2026\/04\/villa-enerji-paketi-electrozirveenerji.jpg-600x600.webp 600w, https:\/\/dijital.basaksmu.com\/wp-content\/uploads\/2026\/04\/villa-enerji-paketi-electrozirveenerji.jpg-96x96.webp 96w, https:\/\/dijital.basaksmu.com\/wp-content\/uploads\/2026\/04\/villa-enerji-paketi-electrozirveenerji.jpg-460x460.webp 460w, https:\/\/dijital.basaksmu.com\/wp-content\/uploads\/2026\/04\/villa-enerji-paketi-electrozirveenerji.jpg.webp 1080w\" sizes=\"(max-width: 450px) 100vw, 450px\" \/><\/div>\n\t\t\t\t\t<div class=\"wc-block-grid__product-title\">Villa G\u00fcne\u015f Enerjisi Gold Plus Paket<\/div>\n\t\t\t\t<\/a>\n\t\t\t\t<div class=\"wc-block-grid__product-price price\"><span class=\"woocommerce-Price-amount amount\">427.521,02<span class=\"woocommerce-Price-currencySymbol\">&#8378;<\/span><\/span><\/div>\n\t\t\t\t\n\t\t\t\t<div class=\"wp-block-button wc-block-grid__product-add-to-cart\"><a href=\"\/en\/wp-json\/wp\/v2\/pages\/13?add-to-cart=9173\" aria-label=\"Add to cart: \u201cVilla G\u00fcne\u015f Enerjisi Gold Plus Paket\u201d\" data-quantity=\"1\" data-product_id=\"9173\" data-product_sku=\"\" data-price=\"427521.02\" rel=\"nofollow\" class=\"wp-block-button__link  add_to_cart_button ajax_add_to_cart\" data-no-translation=\"\" data-trp-gettext=\"\" data-no-translation-aria-label=\"\">Add to cart<\/a><\/div>\n\t\t\t<\/li><\/ul><\/div><\/div>\n<\/div>","protected":false},"excerpt":{"rendered":"","protected":false},"author":1,"featured_media":0,"parent":0,"menu_order":0,"comment_status":"closed","ping_status":"closed","template":"","meta":{"footnotes":""},"class_list":["post-13","page","type-page","status-publish","hentry"],"_links":{"self":[{"href":"https:\/\/dijital.basaksmu.com\/en\/wp-json\/wp\/v2\/pages\/13","targetHints":{"allow":["GET"]}}],"collection":[{"href":"https:\/\/dijital.basaksmu.com\/en\/wp-json\/wp\/v2\/pages"}],"about":[{"href":"https:\/\/dijital.basaksmu.com\/en\/wp-json\/wp\/v2\/types\/page"}],"author":[{"embeddable":true,"href":"https:\/\/dijital.basaksmu.com\/en\/wp-json\/wp\/v2\/users\/1"}],"replies":[{"embeddable":true,"href":"https:\/\/dijital.basaksmu.com\/en\/wp-json\/wp\/v2\/comments?post=13"}],"version-history":[{"count":3,"href":"https:\/\/dijital.basaksmu.com\/en\/wp-json\/wp\/v2\/pages\/13\/revisions"}],"predecessor-version":[{"id":9226,"href":"https:\/\/dijital.basaksmu.com\/en\/wp-json\/wp\/v2\/pages\/13\/revisions\/9226"}],"wp:attachment":[{"href":"https:\/\/dijital.basaksmu.com\/en\/wp-json\/wp\/v2\/media?parent=13"}],"curies":[{"name":"wp","href":"https:\/\/api.w.org\/{rel}","templated":true}]}}